{"id":83,"date":"2025-10-11T08:17:57","date_gmt":"2025-10-11T06:17:57","guid":{"rendered":"http:\/\/localhost\/wordpress\/?page_id=83"},"modified":"2025-10-12T17:35:52","modified_gmt":"2025-10-12T15:35:52","slug":"impressum","status":"publish","type":"page","link":"https:\/\/www.gesundheitshaus-essen.de\/?page_id=83","title":{"rendered":"Impressum"},"content":{"rendered":"\n<p>Angaben gem\u00e4\u00df \u00a7 5 TMG<\/p>\n\n\n\n<p>Das Gesundheitshaus Essen<br>Schederhofstr. 142<br>45145 Essen<\/p>\n\n\n\n<p>\u200bVertreten durch:<br>Armin S\u00fc\u00dfer<\/p>\n\n\n\n<h2 class=\"wp-block-heading\">Verantwortlich f\u00fcr den Inhalt<\/h2>\n\n\n\n<p>Armin S\u00fc\u00dfer<\/p>\n\n\n\n<p>Kontakt<br>0201\/ 89 33 540<br>E-Mail:&nbsp;info@gesundheitshaus-essen.de<\/p>\n\n\n\n<h2 class=\"wp-block-heading\">Steuernummer<\/h2>\n\n\n\n<p>Steuernummer: 112\/5420\/4645<\/p>\n\n\n\n<h2 class=\"wp-block-heading\">Berufsbezeichnung und berufsrechtliche Regelungen<\/h2>\n\n\n\n<div class=\"wp-block-columns is-layout-flex wp-container-core-columns-is-layout-9d6595d7 wp-block-columns-is-layout-flex\">\n<div class=\"wp-block-column is-layout-flow wp-block-column-is-layout-flow\">\n<div class=\"wp-block-columns is-layout-flex wp-container-core-columns-is-layout-9d6595d7 wp-block-columns-is-layout-flex\">\n<div class=\"wp-block-column is-layout-flow wp-block-column-is-layout-flow\" style=\"flex-basis:33.33%\">\n<p>Aufsichtsbeh\u00f6rde<\/p>\n<\/div>\n\n\n\n<div class=\"wp-block-column is-layout-flow wp-block-column-is-layout-flow\" style=\"flex-basis:66.66%\">\n<p>Gesundheitsamt Essen<br>Hindenburgstr. 29<br>45127 Essen<\/p>\n<\/div>\n<\/div>\n<\/div>\n<\/div>\n\n\n\n<div class=\"wp-block-columns is-layout-flex wp-container-core-columns-is-layout-9d6595d7 wp-block-columns-is-layout-flex\">\n<div class=\"wp-block-column is-layout-flow wp-block-column-is-layout-flow\" style=\"flex-basis:33.33%\">\n<p><br>Berufsbezeichnung: <br><\/p>\n<\/div>\n\n\n\n<div class=\"wp-block-column is-layout-flow wp-block-column-is-layout-flow\" style=\"flex-basis:66.66%\">\n<div class=\"wp-block-columns is-layout-flex wp-container-core-columns-is-layout-9d6595d7 wp-block-columns-is-layout-flex\">\n<div class=\"wp-block-column is-layout-flow wp-block-column-is-layout-flow\">\n<p>staatl. gepr\u00fcfter Physiotherapeut <\/p>\n\n\n\n<p><br>sektoraler Heilpraktiker f\u00fcr Physiotherapie<br><\/p>\n<\/div>\n\n\n\n<div class=\"wp-block-column is-layout-flow wp-block-column-is-layout-flow\">\n<p>verliehen durch: Gesundheitsamt Koblenz, <\/p>\n\n\n\n<p><br>verliehen durch: Berzirksregierung D\u00fcsseldorf<\/p>\n<\/div>\n<\/div>\n<\/div>\n<\/div>\n\n\n\n<p>Zust\u00e4ndige Kammer: vertreten durch den Berufsverband VPT<br><br>Es gelten folgende berufsrechtliche Regelungen:<\/p>\n\n\n\n<p>Masseur und Physiotherapeutengesetz<br>Regelungen einsehbar unter: MPhG (DGBI.IS.1084) ge\u00e4ndert durch Art.45 G.v.6.12.2011\/ 2515<\/p>\n\n\n\n<p>Heilpraktikergesetz \u201eGesetz \u00fcber die berufsm\u00e4ssige Aus\u00fcbung der Heilkunde ohne Bestallung\u201c vom 17.02.1939,ge\u00e4ndert durch Art.53 des EGStGB vom 02.03.1974 (BGB1. I S.469).<\/p>\n\n\n\n<p>Die berufsrechtliche Regelung kann unter&nbsp;&nbsp;<a href=\"http:\/\/www.gesetze-im-internet.de\/\" target=\"_blank\" rel=\"noreferrer noopener\">www.gesetze-im-internet.de<\/a>&nbsp;und dort unter Stichwort\/Titelsuche \u201eHeilpraktikergesetz\u201c eingesehen werden.<\/p>\n\n\n\n<h2 class=\"wp-block-heading\">Streitschlichtung<\/h2>\n\n\n\n<p>Die Europ\u00e4ische Kommission stellt eine Plattform zur Online-Streitbeilegung (OS) bereit:&nbsp;<a href=\"https:\/\/ec.europa.eu\/consumers\/odr\" target=\"_blank\" rel=\"noreferrer noopener\">https:\/\/ec.europa.eu\/consumers\/odr<\/a>.<\/p>\n\n\n\n<p>Unsere E-Mail-Adresse finden Sie oben im Impressum. Wir sind nicht bereit oder verpflichtet, an Streitbeilegungsverfahren vor einer Verbraucherschlichtungsstelle teilzunehmen.<\/p>\n\n\n\n<h2 class=\"wp-block-heading\">Haftung f\u00fcr Inhalte<\/h2>\n\n\n\n<p>Als Diensteanbieter sind wir gem\u00e4\u00df \u00a7 7 Abs.1 TMG f\u00fcr eigene Inhalte auf diesen Seiten nach den allgemeinen Gesetzen verantwortlich. Nach \u00a7\u00a7 8 bis 10 TMG sind wir als Diensteanbieter jedoch nicht verpflichtet, \u00fcbermittelte oder gespeicherte fremde Informationen zu \u00fcberwachen oder nach Umst\u00e4nden zu forschen, die auf eine rechtswidrige T\u00e4tigkeit hinweisen.<\/p>\n\n\n\n<p>Verpflichtungen zur Entfernung oder Sperrung der Nutzung von Informationen nach den allgemeinen Gesetzen bleiben hiervon unber\u00fchrt. Eine diesbez\u00fcgliche Haftung ist jedoch erst ab dem Zeitpunkt der Kenntnis einer konkreten Rechtsverletzung m\u00f6glich. Bei Bekanntwerden von entsprechenden Rechtsverletzungen werden wir diese Inhalte umgehend entfernen.<\/p>\n\n\n\n<h2 class=\"wp-block-heading\">Haftung f\u00fcr Links<\/h2>\n\n\n\n<p>Unser Angebot enth\u00e4lt Links zu externen Websites Dritter, auf deren Inhalte wir keinen Einfluss haben. Deshalb k\u00f6nnen wir f\u00fcr diese fremden Inhalte auch keine Gew\u00e4hr \u00fcbernehmen. F\u00fcr die Inhalte der verlinkten Seiten ist stets der jeweilige Anbieter oder Betreiber der Seiten verantwortlich. Die verlinkten Seiten wurden zum Zeitpunkt der Verlinkung auf m\u00f6gliche Rechtsverst\u00f6\u00dfe \u00fcberpr\u00fcft. Rechtswidrige Inhalte waren zum Zeitpunkt der Verlinkung nicht erkennbar.<\/p>\n\n\n\n<p>Eine permanente inhaltliche Kontrolle der verlinkten Seiten ist jedoch ohne konkrete Anhaltspunkte einer Rechtsverletzung nicht zumutbar. Bei Bekanntwerden von Rechtsverletzungen werden wir derartige Links umgehend entfernen.<\/p>\n\n\n\n<h2 class=\"wp-block-heading\">Urheberrecht<\/h2>\n\n\n\n<p>Die durch die Seitenbetreiber erstellten Inhalte und Werke auf diesen Seiten unterliegen dem deutschen Urheberrecht. Die Vervielf\u00e4ltigung, Bearbeitung, Verbreitung und jede Art der Verwertung au\u00dferhalb der Grenzen des Urheberrechtes bed\u00fcrfen der schriftlichen Zustimmung des jeweiligen Autors bzw. Erstellers. Downloads und Kopien dieser Seite sind nur f\u00fcr den privaten, nicht kommerziellen Gebrauch gestattet.<\/p>\n\n\n\n<p>Soweit die Inhalte auf dieser Seite nicht vom Betreiber erstellt wurden, werden die Urheberrechte Dritter beachtet. Insbesondere werden Inhalte Dritter als solche gekennzeichnet. Sollten Sie trotzdem auf eine Urheberrechtsverletzung aufmerksam werden, bitten wir um einen entsprechenden Hinweis. Bei Bekanntwerden von Rechtsverletzungen werden wir derartige Inhalte umgehend entfernen.<\/p>\n","protected":false},"excerpt":{"rendered":"<p>Angaben gem\u00e4\u00df \u00a7 5 TMG Das Gesundheitshaus EssenSchederhofstr. 14245145 Essen \u200bVertreten durch:Armin S\u00fc\u00dfer Verantwortlich f\u00fcr den Inhalt Armin S\u00fc\u00dfer Kontakt0201\/ 89 33 540E-Mail:&nbsp;info@gesundheitshaus-essen.de Steuernummer Steuernummer: 112\/5420\/4645 Berufsbezeichnung und berufsrechtliche Regelungen Aufsichtsbeh\u00f6rde Gesundheitsamt EssenHindenburgstr. 2945127 Essen Berufsbezeichnung: staatl. gepr\u00fcfter Physiotherapeut sektoraler Heilpraktiker f\u00fcr Physiotherapie verliehen durch: Gesundheitsamt Koblenz, verliehen durch: Berzirksregierung D\u00fcsseldorf Zust\u00e4ndige Kammer: vertreten durch den Berufsverband VPT Es gelten folgende berufsrechtliche Regelungen: Masseur und PhysiotherapeutengesetzRegelungen einsehbar unter: MPhG (DGBI.IS.1084) ge\u00e4ndert durch Art.45 G.v.6.12.2011\/ 2515 Heilpraktikergesetz \u201eGesetz \u00fcber die berufsm\u00e4ssige Aus\u00fcbung der Heilkunde ohne Bestallung\u201c vom 17.02.1939,ge\u00e4ndert durch Art.53 des EGStGB vom 02.03.1974 (BGB1. I S.469). Die berufsrechtliche Regelung kann unter&nbsp;&nbsp;www.gesetze-im-internet.de&nbsp;und dort unter Stichwort\/Titelsuche \u201eHeilpraktikergesetz\u201c eingesehen werden. Streitschlichtung Die Europ\u00e4ische Kommission stellt eine Plattform zur Online-Streitbeilegung (OS) bereit:&nbsp;https:\/\/ec.europa.eu\/consumers\/odr. Unsere E-Mail-Adresse finden Sie oben im Impressum. Wir sind nicht bereit oder verpflichtet, an Streitbeilegungsverfahren vor einer Verbraucherschlichtungsstelle teilzunehmen. Haftung f\u00fcr Inhalte Als Diensteanbieter sind wir gem\u00e4\u00df \u00a7 7 Abs.1 TMG f\u00fcr eigene Inhalte auf diesen Seiten nach den allgemeinen Gesetzen verantwortlich. Nach \u00a7\u00a7 8 bis 10 TMG sind wir als Diensteanbieter jedoch nicht verpflichtet, \u00fcbermittelte oder gespeicherte fremde Informationen zu \u00fcberwachen oder nach Umst\u00e4nden zu forschen, die auf eine rechtswidrige T\u00e4tigkeit hinweisen. Verpflichtungen zur Entfernung oder Sperrung der Nutzung von Informationen nach den allgemeinen Gesetzen bleiben hiervon unber\u00fchrt. Eine diesbez\u00fcgliche Haftung ist jedoch erst ab dem Zeitpunkt der Kenntnis einer konkreten Rechtsverletzung m\u00f6glich. Bei Bekanntwerden von entsprechenden Rechtsverletzungen werden wir diese Inhalte umgehend entfernen. Haftung f\u00fcr Links Unser Angebot enth\u00e4lt Links zu externen Websites Dritter, auf deren Inhalte wir keinen Einfluss haben. Deshalb k\u00f6nnen wir f\u00fcr diese fremden Inhalte auch keine Gew\u00e4hr \u00fcbernehmen. F\u00fcr die Inhalte der verlinkten Seiten ist stets der jeweilige Anbieter oder Betreiber der Seiten verantwortlich. Die verlinkten Seiten wurden zum Zeitpunkt der Verlinkung auf m\u00f6gliche Rechtsverst\u00f6\u00dfe \u00fcberpr\u00fcft. Rechtswidrige Inhalte waren zum Zeitpunkt der Verlinkung nicht erkennbar. Eine permanente inhaltliche Kontrolle der verlinkten Seiten ist jedoch ohne konkrete Anhaltspunkte einer Rechtsverletzung nicht zumutbar. Bei Bekanntwerden von Rechtsverletzungen werden wir derartige Links umgehend entfernen. Urheberrecht Die durch die Seitenbetreiber erstellten Inhalte und Werke auf diesen Seiten unterliegen dem deutschen Urheberrecht. Die Vervielf\u00e4ltigung, Bearbeitung, Verbreitung und jede Art der Verwertung au\u00dferhalb der Grenzen des Urheberrechtes bed\u00fcrfen der schriftlichen Zustimmung des jeweiligen Autors bzw. Erstellers. Downloads und Kopien dieser Seite sind nur f\u00fcr den privaten, nicht kommerziellen Gebrauch gestattet. Soweit die Inhalte auf dieser Seite nicht vom Betreiber erstellt wurden, werden die Urheberrechte Dritter beachtet. Insbesondere werden Inhalte Dritter als solche gekennzeichnet. Sollten Sie trotzdem auf eine Urheberrechtsverletzung aufmerksam werden, bitten wir um einen entsprechenden Hinweis. Bei Bekanntwerden von Rechtsverletzungen werden wir derartige Inhalte umgehend entfernen.<\/p>\n","protected":false},"author":1,"featured_media":0,"parent":0,"menu_order":0,"comment_status":"closed","ping_status":"closed","template":"","meta":{"footnotes":""},"class_list":["post-83","page","type-page","status-publish","hentry","entry"],"yoast_head":"<!-- This site is optimized with the Yoast SEO plugin v27.3 - https:\/\/yoast.com\/product\/yoast-seo-wordpress\/ -->\n<title>Impressum - Das Gesundheitshaus Essen - Armin S\u00fc\u00dfer<\/title>\n<meta name=\"robots\" content=\"index, follow, max-snippet:-1, max-image-preview:large, max-video-preview:-1\" \/>\n<link rel=\"canonical\" href=\"https:\/\/www.gesundheitshaus-essen.de\/?page_id=83\" \/>\n<meta property=\"og:locale\" content=\"de_DE\" \/>\n<meta property=\"og:type\" content=\"article\" \/>\n<meta property=\"og:title\" content=\"Impressum - Das Gesundheitshaus Essen - Armin S\u00fc\u00dfer\" \/>\n<meta property=\"og:description\" content=\"Angaben gem\u00e4\u00df \u00a7 5 TMG Das Gesundheitshaus EssenSchederhofstr. 14245145 Essen \u200bVertreten durch:Armin S\u00fc\u00dfer Verantwortlich f\u00fcr den Inhalt Armin S\u00fc\u00dfer Kontakt0201\/ 89 33 540E-Mail:&nbsp;info@gesundheitshaus-essen.de Steuernummer Steuernummer: 112\/5420\/4645 Berufsbezeichnung und berufsrechtliche Regelungen Aufsichtsbeh\u00f6rde Gesundheitsamt EssenHindenburgstr. 2945127 Essen Berufsbezeichnung: staatl. gepr\u00fcfter Physiotherapeut sektoraler Heilpraktiker f\u00fcr Physiotherapie verliehen durch: Gesundheitsamt Koblenz, verliehen durch: Berzirksregierung D\u00fcsseldorf Zust\u00e4ndige Kammer: vertreten durch den Berufsverband VPT Es gelten folgende berufsrechtliche Regelungen: Masseur und PhysiotherapeutengesetzRegelungen einsehbar unter: MPhG (DGBI.IS.1084) ge\u00e4ndert durch Art.45 G.v.6.12.2011\/ 2515 Heilpraktikergesetz \u201eGesetz \u00fcber die berufsm\u00e4ssige Aus\u00fcbung der Heilkunde ohne Bestallung\u201c vom 17.02.1939,ge\u00e4ndert durch Art.53 des EGStGB vom 02.03.1974 (BGB1. I S.469). Die berufsrechtliche Regelung kann unter&nbsp;&nbsp;www.gesetze-im-internet.de&nbsp;und dort unter Stichwort\/Titelsuche \u201eHeilpraktikergesetz\u201c eingesehen werden. Streitschlichtung Die Europ\u00e4ische Kommission stellt eine Plattform zur Online-Streitbeilegung (OS) bereit:&nbsp;https:\/\/ec.europa.eu\/consumers\/odr. Unsere E-Mail-Adresse finden Sie oben im Impressum. Wir sind nicht bereit oder verpflichtet, an Streitbeilegungsverfahren vor einer Verbraucherschlichtungsstelle teilzunehmen. Haftung f\u00fcr Inhalte Als Diensteanbieter sind wir gem\u00e4\u00df \u00a7 7 Abs.1 TMG f\u00fcr eigene Inhalte auf diesen Seiten nach den allgemeinen Gesetzen verantwortlich. Nach \u00a7\u00a7 8 bis 10 TMG sind wir als Diensteanbieter jedoch nicht verpflichtet, \u00fcbermittelte oder gespeicherte fremde Informationen zu \u00fcberwachen oder nach Umst\u00e4nden zu forschen, die auf eine rechtswidrige T\u00e4tigkeit hinweisen. Verpflichtungen zur Entfernung oder Sperrung der Nutzung von Informationen nach den allgemeinen Gesetzen bleiben hiervon unber\u00fchrt. Eine diesbez\u00fcgliche Haftung ist jedoch erst ab dem Zeitpunkt der Kenntnis einer konkreten Rechtsverletzung m\u00f6glich. Bei Bekanntwerden von entsprechenden Rechtsverletzungen werden wir diese Inhalte umgehend entfernen. Haftung f\u00fcr Links Unser Angebot enth\u00e4lt Links zu externen Websites Dritter, auf deren Inhalte wir keinen Einfluss haben. Deshalb k\u00f6nnen wir f\u00fcr diese fremden Inhalte auch keine Gew\u00e4hr \u00fcbernehmen. F\u00fcr die Inhalte der verlinkten Seiten ist stets der jeweilige Anbieter oder Betreiber der Seiten verantwortlich. Die verlinkten Seiten wurden zum Zeitpunkt der Verlinkung auf m\u00f6gliche Rechtsverst\u00f6\u00dfe \u00fcberpr\u00fcft. Rechtswidrige Inhalte waren zum Zeitpunkt der Verlinkung nicht erkennbar. Eine permanente inhaltliche Kontrolle der verlinkten Seiten ist jedoch ohne konkrete Anhaltspunkte einer Rechtsverletzung nicht zumutbar. Bei Bekanntwerden von Rechtsverletzungen werden wir derartige Links umgehend entfernen. Urheberrecht Die durch die Seitenbetreiber erstellten Inhalte und Werke auf diesen Seiten unterliegen dem deutschen Urheberrecht. Die Vervielf\u00e4ltigung, Bearbeitung, Verbreitung und jede Art der Verwertung au\u00dferhalb der Grenzen des Urheberrechtes bed\u00fcrfen der schriftlichen Zustimmung des jeweiligen Autors bzw. Erstellers. Downloads und Kopien dieser Seite sind nur f\u00fcr den privaten, nicht kommerziellen Gebrauch gestattet. Soweit die Inhalte auf dieser Seite nicht vom Betreiber erstellt wurden, werden die Urheberrechte Dritter beachtet. Insbesondere werden Inhalte Dritter als solche gekennzeichnet. Sollten Sie trotzdem auf eine Urheberrechtsverletzung aufmerksam werden, bitten wir um einen entsprechenden Hinweis. Bei Bekanntwerden von Rechtsverletzungen werden wir derartige Inhalte umgehend entfernen.\" \/>\n<meta property=\"og:url\" content=\"https:\/\/www.gesundheitshaus-essen.de\/?page_id=83\" \/>\n<meta property=\"og:site_name\" content=\"Das Gesundheitshaus Essen - Armin S\u00fc\u00dfer\" \/>\n<meta property=\"article:publisher\" content=\"https:\/\/www.facebook.com\/profile.php?id=100063762361348\" \/>\n<meta property=\"article:modified_time\" content=\"2025-10-12T15:35:52+00:00\" \/>\n<meta name=\"twitter:card\" content=\"summary_large_image\" \/>\n<meta name=\"twitter:label1\" content=\"Gesch\u00e4tzte Lesezeit\" \/>\n\t<meta name=\"twitter:data1\" content=\"2\u00a0Minuten\" \/>\n<script type=\"application\/ld+json\" class=\"yoast-schema-graph\">{\"@context\":\"https:\\\/\\\/schema.org\",\"@graph\":[{\"@type\":\"WebPage\",\"@id\":\"https:\\\/\\\/www.gesundheitshaus-essen.de\\\/?page_id=83\",\"url\":\"https:\\\/\\\/www.gesundheitshaus-essen.de\\\/?page_id=83\",\"name\":\"Impressum - Das Gesundheitshaus Essen - Armin S\u00fc\u00dfer\",\"isPartOf\":{\"@id\":\"https:\\\/\\\/www.gesundheitshaus-essen.de\\\/#website\"},\"datePublished\":\"2025-10-11T06:17:57+00:00\",\"dateModified\":\"2025-10-12T15:35:52+00:00\",\"breadcrumb\":{\"@id\":\"https:\\\/\\\/www.gesundheitshaus-essen.de\\\/?page_id=83#breadcrumb\"},\"inLanguage\":\"de\",\"potentialAction\":[{\"@type\":\"ReadAction\",\"target\":[\"https:\\\/\\\/www.gesundheitshaus-essen.de\\\/?page_id=83\"]}]},{\"@type\":\"BreadcrumbList\",\"@id\":\"https:\\\/\\\/www.gesundheitshaus-essen.de\\\/?page_id=83#breadcrumb\",\"itemListElement\":[{\"@type\":\"ListItem\",\"position\":1,\"name\":\"Startseite\",\"item\":\"https:\\\/\\\/www.gesundheitshaus-essen.de\\\/\"},{\"@type\":\"ListItem\",\"position\":2,\"name\":\"Impressum\"}]},{\"@type\":\"WebSite\",\"@id\":\"https:\\\/\\\/www.gesundheitshaus-essen.de\\\/#website\",\"url\":\"https:\\\/\\\/www.gesundheitshaus-essen.de\\\/\",\"name\":\"Das Gesundheitshaus Essen - Armin S\u00fc\u00dfer\",\"description\":\"Praxis f\u00fcr Manuelle Therapie, Krankengymnastik, Massage\",\"publisher\":{\"@id\":\"https:\\\/\\\/www.gesundheitshaus-essen.de\\\/#organization\"},\"potentialAction\":[{\"@type\":\"SearchAction\",\"target\":{\"@type\":\"EntryPoint\",\"urlTemplate\":\"https:\\\/\\\/www.gesundheitshaus-essen.de\\\/?s={search_term_string}\"},\"query-input\":{\"@type\":\"PropertyValueSpecification\",\"valueRequired\":true,\"valueName\":\"search_term_string\"}}],\"inLanguage\":\"de\"},{\"@type\":\"Organization\",\"@id\":\"https:\\\/\\\/www.gesundheitshaus-essen.de\\\/#organization\",\"name\":\"Das Gesundheitshaus Essen - Armin S\u00fc\u00dfer\",\"url\":\"https:\\\/\\\/www.gesundheitshaus-essen.de\\\/\",\"logo\":{\"@type\":\"ImageObject\",\"inLanguage\":\"de\",\"@id\":\"https:\\\/\\\/www.gesundheitshaus-essen.de\\\/#\\\/schema\\\/logo\\\/image\\\/\",\"url\":\"https:\\\/\\\/www.gesundheitshaus-essen.de\\\/wp-content\\\/uploads\\\/2025\\\/10\\\/Stempel-Logo-.jpg\",\"contentUrl\":\"https:\\\/\\\/www.gesundheitshaus-essen.de\\\/wp-content\\\/uploads\\\/2025\\\/10\\\/Stempel-Logo-.jpg\",\"width\":385,\"height\":73,\"caption\":\"Das Gesundheitshaus Essen - Armin S\u00fc\u00dfer\"},\"image\":{\"@id\":\"https:\\\/\\\/www.gesundheitshaus-essen.de\\\/#\\\/schema\\\/logo\\\/image\\\/\"},\"sameAs\":[\"https:\\\/\\\/www.facebook.com\\\/profile.php?id=100063762361348\",\"https:\\\/\\\/www.instagram.com\\\/das_gesundheitshaus_essen\"]}]}<\/script>\n<!-- \/ Yoast SEO plugin. -->","yoast_head_json":{"title":"Impressum - Das Gesundheitshaus Essen - Armin S\u00fc\u00dfer","robots":{"index":"index","follow":"follow","max-snippet":"max-snippet:-1","max-image-preview":"max-image-preview:large","max-video-preview":"max-video-preview:-1"},"canonical":"https:\/\/www.gesundheitshaus-essen.de\/?page_id=83","og_locale":"de_DE","og_type":"article","og_title":"Impressum - Das Gesundheitshaus Essen - Armin S\u00fc\u00dfer","og_description":"Angaben gem\u00e4\u00df \u00a7 5 TMG Das Gesundheitshaus EssenSchederhofstr. 14245145 Essen \u200bVertreten durch:Armin S\u00fc\u00dfer Verantwortlich f\u00fcr den Inhalt Armin S\u00fc\u00dfer Kontakt0201\/ 89 33 540E-Mail:&nbsp;info@gesundheitshaus-essen.de Steuernummer Steuernummer: 112\/5420\/4645 Berufsbezeichnung und berufsrechtliche Regelungen Aufsichtsbeh\u00f6rde Gesundheitsamt EssenHindenburgstr. 2945127 Essen Berufsbezeichnung: staatl. gepr\u00fcfter Physiotherapeut sektoraler Heilpraktiker f\u00fcr Physiotherapie verliehen durch: Gesundheitsamt Koblenz, verliehen durch: Berzirksregierung D\u00fcsseldorf Zust\u00e4ndige Kammer: vertreten durch den Berufsverband VPT Es gelten folgende berufsrechtliche Regelungen: Masseur und PhysiotherapeutengesetzRegelungen einsehbar unter: MPhG (DGBI.IS.1084) ge\u00e4ndert durch Art.45 G.v.6.12.2011\/ 2515 Heilpraktikergesetz \u201eGesetz \u00fcber die berufsm\u00e4ssige Aus\u00fcbung der Heilkunde ohne Bestallung\u201c vom 17.02.1939,ge\u00e4ndert durch Art.53 des EGStGB vom 02.03.1974 (BGB1. I S.469). Die berufsrechtliche Regelung kann unter&nbsp;&nbsp;www.gesetze-im-internet.de&nbsp;und dort unter Stichwort\/Titelsuche \u201eHeilpraktikergesetz\u201c eingesehen werden. Streitschlichtung Die Europ\u00e4ische Kommission stellt eine Plattform zur Online-Streitbeilegung (OS) bereit:&nbsp;https:\/\/ec.europa.eu\/consumers\/odr. Unsere E-Mail-Adresse finden Sie oben im Impressum. Wir sind nicht bereit oder verpflichtet, an Streitbeilegungsverfahren vor einer Verbraucherschlichtungsstelle teilzunehmen. Haftung f\u00fcr Inhalte Als Diensteanbieter sind wir gem\u00e4\u00df \u00a7 7 Abs.1 TMG f\u00fcr eigene Inhalte auf diesen Seiten nach den allgemeinen Gesetzen verantwortlich. Nach \u00a7\u00a7 8 bis 10 TMG sind wir als Diensteanbieter jedoch nicht verpflichtet, \u00fcbermittelte oder gespeicherte fremde Informationen zu \u00fcberwachen oder nach Umst\u00e4nden zu forschen, die auf eine rechtswidrige T\u00e4tigkeit hinweisen. Verpflichtungen zur Entfernung oder Sperrung der Nutzung von Informationen nach den allgemeinen Gesetzen bleiben hiervon unber\u00fchrt. Eine diesbez\u00fcgliche Haftung ist jedoch erst ab dem Zeitpunkt der Kenntnis einer konkreten Rechtsverletzung m\u00f6glich. Bei Bekanntwerden von entsprechenden Rechtsverletzungen werden wir diese Inhalte umgehend entfernen. Haftung f\u00fcr Links Unser Angebot enth\u00e4lt Links zu externen Websites Dritter, auf deren Inhalte wir keinen Einfluss haben. Deshalb k\u00f6nnen wir f\u00fcr diese fremden Inhalte auch keine Gew\u00e4hr \u00fcbernehmen. F\u00fcr die Inhalte der verlinkten Seiten ist stets der jeweilige Anbieter oder Betreiber der Seiten verantwortlich. Die verlinkten Seiten wurden zum Zeitpunkt der Verlinkung auf m\u00f6gliche Rechtsverst\u00f6\u00dfe \u00fcberpr\u00fcft. Rechtswidrige Inhalte waren zum Zeitpunkt der Verlinkung nicht erkennbar. Eine permanente inhaltliche Kontrolle der verlinkten Seiten ist jedoch ohne konkrete Anhaltspunkte einer Rechtsverletzung nicht zumutbar. Bei Bekanntwerden von Rechtsverletzungen werden wir derartige Links umgehend entfernen. Urheberrecht Die durch die Seitenbetreiber erstellten Inhalte und Werke auf diesen Seiten unterliegen dem deutschen Urheberrecht. Die Vervielf\u00e4ltigung, Bearbeitung, Verbreitung und jede Art der Verwertung au\u00dferhalb der Grenzen des Urheberrechtes bed\u00fcrfen der schriftlichen Zustimmung des jeweiligen Autors bzw. Erstellers. Downloads und Kopien dieser Seite sind nur f\u00fcr den privaten, nicht kommerziellen Gebrauch gestattet. Soweit die Inhalte auf dieser Seite nicht vom Betreiber erstellt wurden, werden die Urheberrechte Dritter beachtet. Insbesondere werden Inhalte Dritter als solche gekennzeichnet. Sollten Sie trotzdem auf eine Urheberrechtsverletzung aufmerksam werden, bitten wir um einen entsprechenden Hinweis. Bei Bekanntwerden von Rechtsverletzungen werden wir derartige Inhalte umgehend entfernen.","og_url":"https:\/\/www.gesundheitshaus-essen.de\/?page_id=83","og_site_name":"Das Gesundheitshaus Essen - Armin S\u00fc\u00dfer","article_publisher":"https:\/\/www.facebook.com\/profile.php?id=100063762361348","article_modified_time":"2025-10-12T15:35:52+00:00","twitter_card":"summary_large_image","twitter_misc":{"Gesch\u00e4tzte Lesezeit":"2\u00a0Minuten"},"schema":{"@context":"https:\/\/schema.org","@graph":[{"@type":"WebPage","@id":"https:\/\/www.gesundheitshaus-essen.de\/?page_id=83","url":"https:\/\/www.gesundheitshaus-essen.de\/?page_id=83","name":"Impressum - Das Gesundheitshaus Essen - Armin S\u00fc\u00dfer","isPartOf":{"@id":"https:\/\/www.gesundheitshaus-essen.de\/#website"},"datePublished":"2025-10-11T06:17:57+00:00","dateModified":"2025-10-12T15:35:52+00:00","breadcrumb":{"@id":"https:\/\/www.gesundheitshaus-essen.de\/?page_id=83#breadcrumb"},"inLanguage":"de","potentialAction":[{"@type":"ReadAction","target":["https:\/\/www.gesundheitshaus-essen.de\/?page_id=83"]}]},{"@type":"BreadcrumbList","@id":"https:\/\/www.gesundheitshaus-essen.de\/?page_id=83#breadcrumb","itemListElement":[{"@type":"ListItem","position":1,"name":"Startseite","item":"https:\/\/www.gesundheitshaus-essen.de\/"},{"@type":"ListItem","position":2,"name":"Impressum"}]},{"@type":"WebSite","@id":"https:\/\/www.gesundheitshaus-essen.de\/#website","url":"https:\/\/www.gesundheitshaus-essen.de\/","name":"Das Gesundheitshaus Essen - Armin S\u00fc\u00dfer","description":"Praxis f\u00fcr Manuelle Therapie, Krankengymnastik, Massage","publisher":{"@id":"https:\/\/www.gesundheitshaus-essen.de\/#organization"},"potentialAction":[{"@type":"SearchAction","target":{"@type":"EntryPoint","urlTemplate":"https:\/\/www.gesundheitshaus-essen.de\/?s={search_term_string}"},"query-input":{"@type":"PropertyValueSpecification","valueRequired":true,"valueName":"search_term_string"}}],"inLanguage":"de"},{"@type":"Organization","@id":"https:\/\/www.gesundheitshaus-essen.de\/#organization","name":"Das Gesundheitshaus Essen - Armin S\u00fc\u00dfer","url":"https:\/\/www.gesundheitshaus-essen.de\/","logo":{"@type":"ImageObject","inLanguage":"de","@id":"https:\/\/www.gesundheitshaus-essen.de\/#\/schema\/logo\/image\/","url":"https:\/\/www.gesundheitshaus-essen.de\/wp-content\/uploads\/2025\/10\/Stempel-Logo-.jpg","contentUrl":"https:\/\/www.gesundheitshaus-essen.de\/wp-content\/uploads\/2025\/10\/Stempel-Logo-.jpg","width":385,"height":73,"caption":"Das Gesundheitshaus Essen - Armin S\u00fc\u00dfer"},"image":{"@id":"https:\/\/www.gesundheitshaus-essen.de\/#\/schema\/logo\/image\/"},"sameAs":["https:\/\/www.facebook.com\/profile.php?id=100063762361348","https:\/\/www.instagram.com\/das_gesundheitshaus_essen"]}]}},"_links":{"self":[{"href":"https:\/\/www.gesundheitshaus-essen.de\/index.php?rest_route=\/wp\/v2\/pages\/83","targetHints":{"allow":["GET"]}}],"collection":[{"href":"https:\/\/www.gesundheitshaus-essen.de\/index.php?rest_route=\/wp\/v2\/pages"}],"about":[{"href":"https:\/\/www.gesundheitshaus-essen.de\/index.php?rest_route=\/wp\/v2\/types\/page"}],"author":[{"embeddable":true,"href":"https:\/\/www.gesundheitshaus-essen.de\/index.php?rest_route=\/wp\/v2\/users\/1"}],"replies":[{"embeddable":true,"href":"https:\/\/www.gesundheitshaus-essen.de\/index.php?rest_route=%2Fwp%2Fv2%2Fcomments&post=83"}],"version-history":[{"count":3,"href":"https:\/\/www.gesundheitshaus-essen.de\/index.php?rest_route=\/wp\/v2\/pages\/83\/revisions"}],"predecessor-version":[{"id":89,"href":"https:\/\/www.gesundheitshaus-essen.de\/index.php?rest_route=\/wp\/v2\/pages\/83\/revisions\/89"}],"wp:attachment":[{"href":"https:\/\/www.gesundheitshaus-essen.de\/index.php?rest_route=%2Fwp%2Fv2%2Fmedia&parent=83"}],"curies":[{"name":"wp","href":"https:\/\/api.w.org\/{rel}","templated":true}]}}