{"id":81,"date":"2025-10-11T08:17:47","date_gmt":"2025-10-11T06:17:47","guid":{"rendered":"http:\/\/localhost\/wordpress\/?page_id=81"},"modified":"2025-10-27T23:44:15","modified_gmt":"2025-10-27T22:44:15","slug":"kontakt","status":"publish","type":"page","link":"https:\/\/www.gesundheitshaus-essen.de\/?page_id=81","title":{"rendered":"Kontakt &#8211; Wir sind f\u00fcr Sie da"},"content":{"rendered":"\t\t<div data-elementor-type=\"wp-page\" data-elementor-id=\"81\" class=\"elementor elementor-81\">\n\t\t\t\t<div class=\"elementor-element elementor-element-5eac24eb e-flex e-con-boxed wpr-particle-no wpr-jarallax-no wpr-parallax-no wpr-sticky-section-no wpr-equal-height-no e-con e-parent\" data-id=\"5eac24eb\" data-element_type=\"container\" data-e-type=\"container\">\n\t\t\t\t\t<div class=\"e-con-inner\">\n\t\t\t\t<div class=\"elementor-element elementor-element-ee45e18 elementor-absolute animated-fast e-transform elementor-invisible elementor-widget elementor-widget-image\" data-id=\"ee45e18\" data-element_type=\"widget\" data-e-type=\"widget\" data-settings=\"{&quot;_position&quot;:&quot;absolute&quot;,&quot;_animation&quot;:&quot;slideInRight&quot;,&quot;_transform_scale_effect&quot;:{&quot;unit&quot;:&quot;px&quot;,&quot;size&quot;:0.5,&quot;sizes&quot;:[]},&quot;_transform_scale_effect_tablet&quot;:{&quot;unit&quot;:&quot;px&quot;,&quot;size&quot;:&quot;&quot;,&quot;sizes&quot;:[]},&quot;_transform_scale_effect_mobile&quot;:{&quot;unit&quot;:&quot;px&quot;,&quot;size&quot;:&quot;&quot;,&quot;sizes&quot;:[]}}\" data-widget_type=\"image.default\">\n\t\t\t\t\t\t\t\t\t\t\t\t\t\t\t<img fetchpriority=\"high\" decoding=\"async\" width=\"768\" height=\"1024\" src=\"https:\/\/www.gesundheitshaus-essen.de\/wp-content\/uploads\/2025\/10\/Praxis-Aussenansicht-klein.jpg\" class=\"attachment-large size-large wp-image-94\" alt=\"\" \/>\t\t\t\t\t\t\t\t\t\t\t\t\t\t\t<\/div>\n\t\t\t\t<div class=\"elementor-element elementor-element-1ca5ca42 elementor-widget elementor-widget-text-editor\" data-id=\"1ca5ca42\" data-element_type=\"widget\" data-e-type=\"widget\" data-widget_type=\"text-editor.default\">\n\t\t\t\t\t\t\t\t\t\n<div class=\"wp-block-columns is-layout-flex wp-container-core-columns-is-layout-9d6595d7 wp-block-columns-is-layout-flex\">\n<div class=\"wp-block-column is-layout-flow wp-block-column-is-layout-flow\" style=\"flex-basis: 33.33%;\">\n<p><span style=\"color: #333300;\"><strong>Das Gesundheitshaus Essen<\/strong><\/span><br \/><span style=\"color: #333300;\">Armin S\u00fc\u00dfer<\/span><\/p>\n<span style=\"color: #333300;\"><\/span>\n<p><span style=\"color: #333300;\">Schederhofstr. 143<\/span><br \/><span style=\"color: #333300;\">45145 Essen<\/span><\/p>\n<span style=\"color: #333300;\"><\/span>\n<p><span style=\"color: #333300;\"><strong>Telefon: 0201 89 33 540<\/strong><\/span><br \/><span style=\"color: #333300;\">Email: info@gesundheitshaus-essen.de<\/span><\/p>\n<span style=\"color: #333300;\"><\/span><\/div>\n<span style=\"color: #333300;\"><\/span>\n<div class=\"wp-block-column is-layout-flow wp-block-column-is-layout-flow\" style=\"flex-basis: 66.66%;\"><span style=\"color: #333300;\"><\/span><\/div>\n<span style=\"color: #333300;\"><\/span><\/div>\n<p><span style=\"color: #333300;\"><\/span><\/p>\n<h2 class=\"wp-block-heading\"><span style=\"color: #333300;\">Beste Voraussetzungen f\u00fcr Ihre Anreise<\/span><\/h2>\n<p><span style=\"color: #333300;\"><\/span><\/p>\n<p><span style=\"color: #333300;\"><strong>Kostenfreie Parkpl\u00e4tze<\/strong> sind <strong>\u00fcberall<\/strong> entlang der Nebenstra\u00dfen, sowie ca. 100m gegen\u00fcber auf dem Parkplatz der Dierdgardtstra\u00dfe vorhanden.<\/span><\/p>\n<p><span style=\"color: #333300;\"><\/span><\/p>\n<p><span style=\"color: #333300;\">Der Eingang zur Praxis befindet sich in der <strong>Frohnhauser Str.<\/strong> Somit ebenerdig direkt gegen\u00fcber der Bahnhaltestelle &#8222;<strong>Schederhofstra\u00dfe<\/strong>&#8222;.<\/span><br \/><span style=\"color: #333300;\">Die <strong>Bahnlinie 109<\/strong> h\u00e4lt direkt vor der Praxis, mit rollstuhlgerechtem Ein\/und Ausstieg.<\/span><br \/><span style=\"color: #333300;\">Zudem befindet sich direkt an der Praxis die <strong>Haltestelle &#8222;Schederhofstra\u00dfe<\/strong>&#8220; des <strong>Buslinie 145<\/strong>.<\/span><\/p>\n<p><span style=\"color: #333300;\"><\/span><\/p>\n<h2 class=\"wp-block-heading\"><span style=\"color: #333300;\">\u00d6ffnungszeiten<\/span><\/h2>\n<p><span style=\"color: #333300;\"><\/span><\/p>\n<p><span style=\"color: #333300;\">Wir sind gerne f\u00fcr Sie da. <\/span><br \/><span style=\"color: #333300;\">Innerhalb unserer \u00d6ffnungszeiten<\/span><\/p>\n<p><span style=\"color: #333300;\"><\/span><\/p>\n<p><span style=\"color: #333300;\"><strong>Mo, Di, Do 0800 &#8211; 2000 Uhr<br \/>Mi, Fr 0800 &#8211; 1400 Uhr<\/strong><\/span><\/p>\n<p><span style=\"color: #333300;\"><\/span><\/p>\n<p><span style=\"color: #333300;\">und nach Vereinbarung. Auch Akutterminierung m\u00f6glich.<\/span><\/p>\n<p><span style=\"color: #333300;\"><\/span><\/p>\n<p><span style=\"color: #333300;\">Unsere freundlichen MitarbeiterInnen an der <strong>Rezeption<\/strong> sind vormittags f\u00fcr Sie da, um Fragen zu kl\u00e4ren oder mit Ihnen Termine zu vereinbaren.<\/span><br \/><span style=\"color: #333300;\">Sie k\u00f6nnen uns auch jederzeit eine Nachricht mit Namen und Telefonnummer auf dem <strong>Anrufbeantworter<\/strong> hinterlassen. <\/span><br \/><span style=\"color: #333300;\">Wir rufen schnellstm\u00f6glich zur\u00fcck.<\/span><\/p>\n<p><span style=\"color: #333300;\"><\/span><\/p>\n<p><span style=\"color: #333300;\">Oder schreiben Sie uns auch gern eine <strong>Email<\/strong>.<\/span><\/p>\n\t\t\t\t\t\t\t\t<\/div>\n\t\t\t\t\t<\/div>\n\t\t\t\t<\/div>\n\t\t<div class=\"elementor-element elementor-element-206352e e-flex e-con-boxed wpr-particle-no wpr-jarallax-no wpr-parallax-no wpr-sticky-section-no wpr-equal-height-no e-con e-parent\" data-id=\"206352e\" data-element_type=\"container\" data-e-type=\"container\">\n\t\t\t\t\t<div class=\"e-con-inner\">\n\t\t\t\t\t<\/div>\n\t\t\t\t<\/div>\n\t\t\t\t<\/div>\n\t\t","protected":false},"excerpt":{"rendered":"<p>Das Gesundheitshaus EssenArmin S\u00fc\u00dfer Schederhofstr. 14345145 Essen Telefon: 0201 89 33 540Email: info@gesundheitshaus-essen.de Beste Voraussetzungen f\u00fcr Ihre Anreise Kostenfreie Parkpl\u00e4tze sind \u00fcberall entlang der Nebenstra\u00dfen, sowie ca. 100m gegen\u00fcber auf dem Parkplatz der Dierdgardtstra\u00dfe vorhanden. Der Eingang zur Praxis befindet sich in der Frohnhauser Str. Somit ebenerdig direkt gegen\u00fcber der Bahnhaltestelle &#8222;Schederhofstra\u00dfe&#8222;.Die Bahnlinie 109 h\u00e4lt direkt vor der Praxis, mit rollstuhlgerechtem Ein\/und Ausstieg.Zudem befindet sich direkt an der Praxis die Haltestelle &#8222;Schederhofstra\u00dfe&#8220; des Buslinie 145. \u00d6ffnungszeiten Wir sind gerne f\u00fcr Sie da. Innerhalb unserer \u00d6ffnungszeiten Mo, Di, Do 0800 &#8211; 2000 UhrMi, Fr 0800 &#8211; 1400 Uhr und nach Vereinbarung. Auch Akutterminierung m\u00f6glich. Unsere freundlichen MitarbeiterInnen an der Rezeption sind vormittags f\u00fcr Sie da, um Fragen zu kl\u00e4ren oder mit Ihnen Termine zu vereinbaren.Sie k\u00f6nnen uns auch jederzeit eine Nachricht mit Namen und Telefonnummer auf dem Anrufbeantworter hinterlassen. Wir rufen schnellstm\u00f6glich zur\u00fcck. Oder schreiben Sie uns auch gern eine Email.<\/p>\n","protected":false},"author":1,"featured_media":0,"parent":0,"menu_order":0,"comment_status":"closed","ping_status":"closed","template":"","meta":{"footnotes":""},"class_list":["post-81","page","type-page","status-publish","hentry","entry"],"yoast_head":"<!-- This site is optimized with the Yoast SEO plugin v27.3 - https:\/\/yoast.com\/product\/yoast-seo-wordpress\/ -->\n<title>Kontakt - Wir sind f\u00fcr Sie da - Das Gesundheitshaus Essen - Armin S\u00fc\u00dfer<\/title>\n<meta name=\"robots\" content=\"index, follow, max-snippet:-1, max-image-preview:large, max-video-preview:-1\" \/>\n<link rel=\"canonical\" href=\"https:\/\/www.gesundheitshaus-essen.de\/?page_id=81\" \/>\n<meta property=\"og:locale\" content=\"de_DE\" \/>\n<meta property=\"og:type\" content=\"article\" \/>\n<meta property=\"og:title\" content=\"Kontakt - Wir sind f\u00fcr Sie da - Das Gesundheitshaus Essen - Armin S\u00fc\u00dfer\" \/>\n<meta property=\"og:description\" content=\"Das Gesundheitshaus EssenArmin S\u00fc\u00dfer Schederhofstr. 14345145 Essen Telefon: 0201 89 33 540Email: info@gesundheitshaus-essen.de Beste Voraussetzungen f\u00fcr Ihre Anreise Kostenfreie Parkpl\u00e4tze sind \u00fcberall entlang der Nebenstra\u00dfen, sowie ca. 100m gegen\u00fcber auf dem Parkplatz der Dierdgardtstra\u00dfe vorhanden. Der Eingang zur Praxis befindet sich in der Frohnhauser Str. Somit ebenerdig direkt gegen\u00fcber der Bahnhaltestelle &#8222;Schederhofstra\u00dfe&#8222;.Die Bahnlinie 109 h\u00e4lt direkt vor der Praxis, mit rollstuhlgerechtem Ein\/und Ausstieg.Zudem befindet sich direkt an der Praxis die Haltestelle &#8222;Schederhofstra\u00dfe&#8220; des Buslinie 145. \u00d6ffnungszeiten Wir sind gerne f\u00fcr Sie da. Innerhalb unserer \u00d6ffnungszeiten Mo, Di, Do 0800 &#8211; 2000 UhrMi, Fr 0800 &#8211; 1400 Uhr und nach Vereinbarung. Auch Akutterminierung m\u00f6glich. Unsere freundlichen MitarbeiterInnen an der Rezeption sind vormittags f\u00fcr Sie da, um Fragen zu kl\u00e4ren oder mit Ihnen Termine zu vereinbaren.Sie k\u00f6nnen uns auch jederzeit eine Nachricht mit Namen und Telefonnummer auf dem Anrufbeantworter hinterlassen. Wir rufen schnellstm\u00f6glich zur\u00fcck. Oder schreiben Sie uns auch gern eine Email.\" \/>\n<meta property=\"og:url\" content=\"https:\/\/www.gesundheitshaus-essen.de\/?page_id=81\" \/>\n<meta property=\"og:site_name\" content=\"Das Gesundheitshaus Essen - Armin S\u00fc\u00dfer\" \/>\n<meta property=\"article:publisher\" content=\"https:\/\/www.facebook.com\/profile.php?id=100063762361348\" \/>\n<meta property=\"article:modified_time\" content=\"2025-10-27T22:44:15+00:00\" \/>\n<meta property=\"og:image\" content=\"https:\/\/www.gesundheitshaus-essen.de\/wp-content\/uploads\/2025\/10\/Praxis-Aussenansicht-klein.jpg\" \/>\n\t<meta property=\"og:image:width\" content=\"1500\" \/>\n\t<meta property=\"og:image:height\" content=\"2000\" \/>\n\t<meta property=\"og:image:type\" content=\"image\/jpeg\" \/>\n<meta name=\"twitter:card\" content=\"summary_large_image\" \/>\n<meta name=\"twitter:label1\" content=\"Gesch\u00e4tzte Lesezeit\" \/>\n\t<meta name=\"twitter:data1\" content=\"1\u00a0Minute\" \/>\n<script type=\"application\/ld+json\" class=\"yoast-schema-graph\">{\"@context\":\"https:\\\/\\\/schema.org\",\"@graph\":[{\"@type\":\"WebPage\",\"@id\":\"https:\\\/\\\/www.gesundheitshaus-essen.de\\\/?page_id=81\",\"url\":\"https:\\\/\\\/www.gesundheitshaus-essen.de\\\/?page_id=81\",\"name\":\"Kontakt - Wir sind f\u00fcr Sie da - Das Gesundheitshaus Essen - Armin S\u00fc\u00dfer\",\"isPartOf\":{\"@id\":\"https:\\\/\\\/www.gesundheitshaus-essen.de\\\/#website\"},\"primaryImageOfPage\":{\"@id\":\"https:\\\/\\\/www.gesundheitshaus-essen.de\\\/?page_id=81#primaryimage\"},\"image\":{\"@id\":\"https:\\\/\\\/www.gesundheitshaus-essen.de\\\/?page_id=81#primaryimage\"},\"thumbnailUrl\":\"https:\\\/\\\/www.gesundheitshaus-essen.de\\\/wp-content\\\/uploads\\\/2025\\\/10\\\/Praxis-Aussenansicht-klein.jpg\",\"datePublished\":\"2025-10-11T06:17:47+00:00\",\"dateModified\":\"2025-10-27T22:44:15+00:00\",\"breadcrumb\":{\"@id\":\"https:\\\/\\\/www.gesundheitshaus-essen.de\\\/?page_id=81#breadcrumb\"},\"inLanguage\":\"de\",\"potentialAction\":[{\"@type\":\"ReadAction\",\"target\":[\"https:\\\/\\\/www.gesundheitshaus-essen.de\\\/?page_id=81\"]}]},{\"@type\":\"ImageObject\",\"inLanguage\":\"de\",\"@id\":\"https:\\\/\\\/www.gesundheitshaus-essen.de\\\/?page_id=81#primaryimage\",\"url\":\"https:\\\/\\\/www.gesundheitshaus-essen.de\\\/wp-content\\\/uploads\\\/2025\\\/10\\\/Praxis-Aussenansicht-klein.jpg\",\"contentUrl\":\"https:\\\/\\\/www.gesundheitshaus-essen.de\\\/wp-content\\\/uploads\\\/2025\\\/10\\\/Praxis-Aussenansicht-klein.jpg\",\"width\":1500,\"height\":2000},{\"@type\":\"BreadcrumbList\",\"@id\":\"https:\\\/\\\/www.gesundheitshaus-essen.de\\\/?page_id=81#breadcrumb\",\"itemListElement\":[{\"@type\":\"ListItem\",\"position\":1,\"name\":\"Startseite\",\"item\":\"https:\\\/\\\/www.gesundheitshaus-essen.de\\\/\"},{\"@type\":\"ListItem\",\"position\":2,\"name\":\"Kontakt &#8211; Wir sind f\u00fcr Sie da\"}]},{\"@type\":\"WebSite\",\"@id\":\"https:\\\/\\\/www.gesundheitshaus-essen.de\\\/#website\",\"url\":\"https:\\\/\\\/www.gesundheitshaus-essen.de\\\/\",\"name\":\"Das Gesundheitshaus Essen - Armin S\u00fc\u00dfer\",\"description\":\"Praxis f\u00fcr Manuelle Therapie, Krankengymnastik, Massage\",\"publisher\":{\"@id\":\"https:\\\/\\\/www.gesundheitshaus-essen.de\\\/#organization\"},\"potentialAction\":[{\"@type\":\"SearchAction\",\"target\":{\"@type\":\"EntryPoint\",\"urlTemplate\":\"https:\\\/\\\/www.gesundheitshaus-essen.de\\\/?s={search_term_string}\"},\"query-input\":{\"@type\":\"PropertyValueSpecification\",\"valueRequired\":true,\"valueName\":\"search_term_string\"}}],\"inLanguage\":\"de\"},{\"@type\":\"Organization\",\"@id\":\"https:\\\/\\\/www.gesundheitshaus-essen.de\\\/#organization\",\"name\":\"Das Gesundheitshaus Essen - Armin S\u00fc\u00dfer\",\"url\":\"https:\\\/\\\/www.gesundheitshaus-essen.de\\\/\",\"logo\":{\"@type\":\"ImageObject\",\"inLanguage\":\"de\",\"@id\":\"https:\\\/\\\/www.gesundheitshaus-essen.de\\\/#\\\/schema\\\/logo\\\/image\\\/\",\"url\":\"https:\\\/\\\/www.gesundheitshaus-essen.de\\\/wp-content\\\/uploads\\\/2025\\\/10\\\/Stempel-Logo-.jpg\",\"contentUrl\":\"https:\\\/\\\/www.gesundheitshaus-essen.de\\\/wp-content\\\/uploads\\\/2025\\\/10\\\/Stempel-Logo-.jpg\",\"width\":385,\"height\":73,\"caption\":\"Das Gesundheitshaus Essen - Armin S\u00fc\u00dfer\"},\"image\":{\"@id\":\"https:\\\/\\\/www.gesundheitshaus-essen.de\\\/#\\\/schema\\\/logo\\\/image\\\/\"},\"sameAs\":[\"https:\\\/\\\/www.facebook.com\\\/profile.php?id=100063762361348\",\"https:\\\/\\\/www.instagram.com\\\/das_gesundheitshaus_essen\"]}]}<\/script>\n<!-- \/ Yoast SEO plugin. -->","yoast_head_json":{"title":"Kontakt - Wir sind f\u00fcr Sie da - Das Gesundheitshaus Essen - Armin S\u00fc\u00dfer","robots":{"index":"index","follow":"follow","max-snippet":"max-snippet:-1","max-image-preview":"max-image-preview:large","max-video-preview":"max-video-preview:-1"},"canonical":"https:\/\/www.gesundheitshaus-essen.de\/?page_id=81","og_locale":"de_DE","og_type":"article","og_title":"Kontakt - Wir sind f\u00fcr Sie da - Das Gesundheitshaus Essen - Armin S\u00fc\u00dfer","og_description":"Das Gesundheitshaus EssenArmin S\u00fc\u00dfer Schederhofstr. 14345145 Essen Telefon: 0201 89 33 540Email: info@gesundheitshaus-essen.de Beste Voraussetzungen f\u00fcr Ihre Anreise Kostenfreie Parkpl\u00e4tze sind \u00fcberall entlang der Nebenstra\u00dfen, sowie ca. 100m gegen\u00fcber auf dem Parkplatz der Dierdgardtstra\u00dfe vorhanden. Der Eingang zur Praxis befindet sich in der Frohnhauser Str. Somit ebenerdig direkt gegen\u00fcber der Bahnhaltestelle &#8222;Schederhofstra\u00dfe&#8222;.Die Bahnlinie 109 h\u00e4lt direkt vor der Praxis, mit rollstuhlgerechtem Ein\/und Ausstieg.Zudem befindet sich direkt an der Praxis die Haltestelle &#8222;Schederhofstra\u00dfe&#8220; des Buslinie 145. \u00d6ffnungszeiten Wir sind gerne f\u00fcr Sie da. Innerhalb unserer \u00d6ffnungszeiten Mo, Di, Do 0800 &#8211; 2000 UhrMi, Fr 0800 &#8211; 1400 Uhr und nach Vereinbarung. Auch Akutterminierung m\u00f6glich. Unsere freundlichen MitarbeiterInnen an der Rezeption sind vormittags f\u00fcr Sie da, um Fragen zu kl\u00e4ren oder mit Ihnen Termine zu vereinbaren.Sie k\u00f6nnen uns auch jederzeit eine Nachricht mit Namen und Telefonnummer auf dem Anrufbeantworter hinterlassen. Wir rufen schnellstm\u00f6glich zur\u00fcck. Oder schreiben Sie uns auch gern eine Email.","og_url":"https:\/\/www.gesundheitshaus-essen.de\/?page_id=81","og_site_name":"Das Gesundheitshaus Essen - Armin S\u00fc\u00dfer","article_publisher":"https:\/\/www.facebook.com\/profile.php?id=100063762361348","article_modified_time":"2025-10-27T22:44:15+00:00","og_image":[{"width":1500,"height":2000,"url":"https:\/\/www.gesundheitshaus-essen.de\/wp-content\/uploads\/2025\/10\/Praxis-Aussenansicht-klein.jpg","type":"image\/jpeg"}],"twitter_card":"summary_large_image","twitter_misc":{"Gesch\u00e4tzte Lesezeit":"1\u00a0Minute"},"schema":{"@context":"https:\/\/schema.org","@graph":[{"@type":"WebPage","@id":"https:\/\/www.gesundheitshaus-essen.de\/?page_id=81","url":"https:\/\/www.gesundheitshaus-essen.de\/?page_id=81","name":"Kontakt - Wir sind f\u00fcr Sie da - Das Gesundheitshaus Essen - Armin S\u00fc\u00dfer","isPartOf":{"@id":"https:\/\/www.gesundheitshaus-essen.de\/#website"},"primaryImageOfPage":{"@id":"https:\/\/www.gesundheitshaus-essen.de\/?page_id=81#primaryimage"},"image":{"@id":"https:\/\/www.gesundheitshaus-essen.de\/?page_id=81#primaryimage"},"thumbnailUrl":"https:\/\/www.gesundheitshaus-essen.de\/wp-content\/uploads\/2025\/10\/Praxis-Aussenansicht-klein.jpg","datePublished":"2025-10-11T06:17:47+00:00","dateModified":"2025-10-27T22:44:15+00:00","breadcrumb":{"@id":"https:\/\/www.gesundheitshaus-essen.de\/?page_id=81#breadcrumb"},"inLanguage":"de","potentialAction":[{"@type":"ReadAction","target":["https:\/\/www.gesundheitshaus-essen.de\/?page_id=81"]}]},{"@type":"ImageObject","inLanguage":"de","@id":"https:\/\/www.gesundheitshaus-essen.de\/?page_id=81#primaryimage","url":"https:\/\/www.gesundheitshaus-essen.de\/wp-content\/uploads\/2025\/10\/Praxis-Aussenansicht-klein.jpg","contentUrl":"https:\/\/www.gesundheitshaus-essen.de\/wp-content\/uploads\/2025\/10\/Praxis-Aussenansicht-klein.jpg","width":1500,"height":2000},{"@type":"BreadcrumbList","@id":"https:\/\/www.gesundheitshaus-essen.de\/?page_id=81#breadcrumb","itemListElement":[{"@type":"ListItem","position":1,"name":"Startseite","item":"https:\/\/www.gesundheitshaus-essen.de\/"},{"@type":"ListItem","position":2,"name":"Kontakt &#8211; Wir sind f\u00fcr Sie da"}]},{"@type":"WebSite","@id":"https:\/\/www.gesundheitshaus-essen.de\/#website","url":"https:\/\/www.gesundheitshaus-essen.de\/","name":"Das Gesundheitshaus Essen - Armin S\u00fc\u00dfer","description":"Praxis f\u00fcr Manuelle Therapie, Krankengymnastik, Massage","publisher":{"@id":"https:\/\/www.gesundheitshaus-essen.de\/#organization"},"potentialAction":[{"@type":"SearchAction","target":{"@type":"EntryPoint","urlTemplate":"https:\/\/www.gesundheitshaus-essen.de\/?s={search_term_string}"},"query-input":{"@type":"PropertyValueSpecification","valueRequired":true,"valueName":"search_term_string"}}],"inLanguage":"de"},{"@type":"Organization","@id":"https:\/\/www.gesundheitshaus-essen.de\/#organization","name":"Das Gesundheitshaus Essen - Armin S\u00fc\u00dfer","url":"https:\/\/www.gesundheitshaus-essen.de\/","logo":{"@type":"ImageObject","inLanguage":"de","@id":"https:\/\/www.gesundheitshaus-essen.de\/#\/schema\/logo\/image\/","url":"https:\/\/www.gesundheitshaus-essen.de\/wp-content\/uploads\/2025\/10\/Stempel-Logo-.jpg","contentUrl":"https:\/\/www.gesundheitshaus-essen.de\/wp-content\/uploads\/2025\/10\/Stempel-Logo-.jpg","width":385,"height":73,"caption":"Das Gesundheitshaus Essen - Armin S\u00fc\u00dfer"},"image":{"@id":"https:\/\/www.gesundheitshaus-essen.de\/#\/schema\/logo\/image\/"},"sameAs":["https:\/\/www.facebook.com\/profile.php?id=100063762361348","https:\/\/www.instagram.com\/das_gesundheitshaus_essen"]}]}},"_links":{"self":[{"href":"https:\/\/www.gesundheitshaus-essen.de\/index.php?rest_route=\/wp\/v2\/pages\/81","targetHints":{"allow":["GET"]}}],"collection":[{"href":"https:\/\/www.gesundheitshaus-essen.de\/index.php?rest_route=\/wp\/v2\/pages"}],"about":[{"href":"https:\/\/www.gesundheitshaus-essen.de\/index.php?rest_route=\/wp\/v2\/types\/page"}],"author":[{"embeddable":true,"href":"https:\/\/www.gesundheitshaus-essen.de\/index.php?rest_route=\/wp\/v2\/users\/1"}],"replies":[{"embeddable":true,"href":"https:\/\/www.gesundheitshaus-essen.de\/index.php?rest_route=%2Fwp%2Fv2%2Fcomments&post=81"}],"version-history":[{"count":28,"href":"https:\/\/www.gesundheitshaus-essen.de\/index.php?rest_route=\/wp\/v2\/pages\/81\/revisions"}],"predecessor-version":[{"id":319,"href":"https:\/\/www.gesundheitshaus-essen.de\/index.php?rest_route=\/wp\/v2\/pages\/81\/revisions\/319"}],"wp:attachment":[{"href":"https:\/\/www.gesundheitshaus-essen.de\/index.php?rest_route=%2Fwp%2Fv2%2Fmedia&parent=81"}],"curies":[{"name":"wp","href":"https:\/\/api.w.org\/{rel}","templated":true}]}}