{"id":74,"date":"2025-10-11T08:15:36","date_gmt":"2025-10-11T06:15:36","guid":{"rendered":"http:\/\/localhost\/wordpress\/?page_id=74"},"modified":"2025-10-27T23:41:44","modified_gmt":"2025-10-27T22:41:44","slug":"unsere-leistungen-mit-rat-und-tat-sind-wir-fuer-sie-da","status":"publish","type":"page","link":"https:\/\/www.gesundheitshaus-essen.de\/?page_id=74","title":{"rendered":"Leistungen"},"content":{"rendered":"\t\t<div data-elementor-type=\"wp-page\" data-elementor-id=\"74\" class=\"elementor elementor-74\">\n\t\t\t\t<div class=\"elementor-element elementor-element-203585c e-grid e-con-boxed wpr-particle-no wpr-jarallax-no wpr-parallax-no wpr-sticky-section-no wpr-equal-height-no e-con e-parent\" data-id=\"203585c\" data-element_type=\"container\" data-e-type=\"container\" data-settings=\"{&quot;background_background&quot;:&quot;classic&quot;}\">\n\t\t\t\t\t<div class=\"e-con-inner\">\n\t\t\t\t<div class=\"elementor-element elementor-element-a5446bc elementor-widget elementor-widget-heading\" data-id=\"a5446bc\" data-element_type=\"widget\" data-e-type=\"widget\" data-widget_type=\"heading.default\">\n\t\t\t\t\t<h2 class=\"elementor-heading-title elementor-size-default\">Manuelle Therapie<\/h2>\t\t\t\t<\/div>\n\t\t\t\t<div class=\"elementor-element elementor-element-e6a44e0 elementor-widget elementor-widget-heading\" data-id=\"e6a44e0\" data-element_type=\"widget\" data-e-type=\"widget\" data-widget_type=\"heading.default\">\n\t\t\t\t\t<h2 class=\"elementor-heading-title elementor-size-default\">Krankengymnastik<\/h2>\t\t\t\t<\/div>\n\t\t\t\t<div class=\"elementor-element elementor-element-b5be80e elementor-widget elementor-widget-heading\" data-id=\"b5be80e\" data-element_type=\"widget\" data-e-type=\"widget\" data-widget_type=\"heading.default\">\n\t\t\t\t\t<h2 class=\"elementor-heading-title elementor-size-default\">Manuelle Lymphdrainage<\/h2>\t\t\t\t<\/div>\n\t\t\t\t<div class=\"elementor-element elementor-element-b206098 elementor-widget elementor-widget-heading\" data-id=\"b206098\" data-element_type=\"widget\" data-e-type=\"widget\" data-widget_type=\"heading.default\">\n\t\t\t\t\t<h2 class=\"elementor-heading-title elementor-size-default\">Kiefergelenksbehandlung\nCMD<\/h2>\t\t\t\t<\/div>\n\t\t\t\t<div class=\"elementor-element elementor-element-8e935c4 elementor-widget elementor-widget-heading\" data-id=\"8e935c4\" data-element_type=\"widget\" data-e-type=\"widget\" data-widget_type=\"heading.default\">\n\t\t\t\t\t<h2 class=\"elementor-heading-title elementor-size-default\">Krankengymnastik bei Erkrankungen des ZNS\nPNF<\/h2>\t\t\t\t<\/div>\n\t\t\t\t<div class=\"elementor-element elementor-element-8ee8975 elementor-widget elementor-widget-heading\" data-id=\"8ee8975\" data-element_type=\"widget\" data-e-type=\"widget\" data-widget_type=\"heading.default\">\n\t\t\t\t\t<h2 class=\"elementor-heading-title elementor-size-default\">Krankengymnastik am Ger\u00e4t<\/h2>\t\t\t\t<\/div>\n\t\t\t\t<div class=\"elementor-element elementor-element-490f912 elementor-widget elementor-widget-heading\" data-id=\"490f912\" data-element_type=\"widget\" data-e-type=\"widget\" data-widget_type=\"heading.default\">\n\t\t\t\t\t<h2 class=\"elementor-heading-title elementor-size-default\">Massage<\/h2>\t\t\t\t<\/div>\n\t\t\t\t<div class=\"elementor-element elementor-element-7ee4e9d elementor-widget elementor-widget-heading\" data-id=\"7ee4e9d\" data-element_type=\"widget\" data-e-type=\"widget\" data-widget_type=\"heading.default\">\n\t\t\t\t\t<h2 class=\"elementor-heading-title elementor-size-default\">W\u00e4rmeanwendung \/ Fango<\/h2>\t\t\t\t<\/div>\n\t\t\t\t<div class=\"elementor-element elementor-element-a4cee62 elementor-widget elementor-widget-heading\" data-id=\"a4cee62\" data-element_type=\"widget\" data-e-type=\"widget\" data-widget_type=\"heading.default\">\n\t\t\t\t\t<h2 class=\"elementor-heading-title elementor-size-default\">K\u00e4ltetherapie<\/h2>\t\t\t\t<\/div>\n\t\t\t\t<div class=\"elementor-element elementor-element-d166433 elementor-widget elementor-widget-heading\" data-id=\"d166433\" data-element_type=\"widget\" data-e-type=\"widget\" data-widget_type=\"heading.default\">\n\t\t\t\t\t<h2 class=\"elementor-heading-title elementor-size-default\">Triggerpunktbehandlung<\/h2>\t\t\t\t<\/div>\n\t\t\t\t<div class=\"elementor-element elementor-element-332910d elementor-widget elementor-widget-heading\" data-id=\"332910d\" data-element_type=\"widget\" data-e-type=\"widget\" data-widget_type=\"heading.default\">\n\t\t\t\t\t<h2 class=\"elementor-heading-title elementor-size-default\">Sportphysiotherapie<\/h2>\t\t\t\t<\/div>\n\t\t\t\t<div class=\"elementor-element elementor-element-c06c99f elementor-widget elementor-widget-heading\" data-id=\"c06c99f\" data-element_type=\"widget\" data-e-type=\"widget\" data-widget_type=\"heading.default\">\n\t\t\t\t\t<h2 class=\"elementor-heading-title elementor-size-default\">Sport- und Kinesiotape<\/h2>\t\t\t\t<\/div>\n\t\t\t\t<div class=\"elementor-element elementor-element-a1d20eb elementor-widget elementor-widget-heading\" data-id=\"a1d20eb\" data-element_type=\"widget\" data-e-type=\"widget\" data-widget_type=\"heading.default\">\n\t\t\t\t\t<h2 class=\"elementor-heading-title elementor-size-default\">Hausbesuch<\/h2>\t\t\t\t<\/div>\n\t\t\t\t<div class=\"elementor-element elementor-element-a7c9c65 elementor-widget elementor-widget-heading\" data-id=\"a7c9c65\" data-element_type=\"widget\" data-e-type=\"widget\" data-widget_type=\"heading.default\">\n\t\t\t\t\t<h2 class=\"elementor-heading-title elementor-size-default\">R\u00fcckenschule<\/h2>\t\t\t\t<\/div>\n\t\t\t\t<div class=\"elementor-element elementor-element-5f4b567 elementor-widget elementor-widget-heading\" data-id=\"5f4b567\" data-element_type=\"widget\" data-e-type=\"widget\" data-widget_type=\"heading.default\">\n\t\t\t\t\t<h2 class=\"elementor-heading-title elementor-size-default\">Dorn- Breuss<\/h2>\t\t\t\t<\/div>\n\t\t\t\t<div class=\"elementor-element elementor-element-ca41626 elementor-widget elementor-widget-heading\" data-id=\"ca41626\" data-element_type=\"widget\" data-e-type=\"widget\" data-widget_type=\"heading.default\">\n\t\t\t\t\t<h2 class=\"elementor-heading-title elementor-size-default\">Entspannungstechniken<\/h2>\t\t\t\t<\/div>\n\t\t\t\t<div class=\"elementor-element elementor-element-a466d76 elementor-widget elementor-widget-heading\" data-id=\"a466d76\" data-element_type=\"widget\" data-e-type=\"widget\" data-widget_type=\"heading.default\">\n\t\t\t\t\t<h2 class=\"elementor-heading-title elementor-size-default\">energetische Druckpunktbehandlung am Fu\u00df<\/h2>\t\t\t\t<\/div>\n\t\t\t\t\t<\/div>\n\t\t\t\t<\/div>\n\t\t<div class=\"elementor-element elementor-element-5504913 e-flex e-con-boxed wpr-particle-no wpr-jarallax-no wpr-parallax-no wpr-sticky-section-no wpr-equal-height-no e-con e-parent\" data-id=\"5504913\" data-element_type=\"container\" data-e-type=\"container\">\n\t\t\t\t\t<div class=\"e-con-inner\">\n\t\t\t\t\t<\/div>\n\t\t\t\t<\/div>\n\t\t\t\t<\/div>\n\t\t","protected":false},"excerpt":{"rendered":"<p>Manuelle Therapie Krankengymnastik Manuelle Lymphdrainage Kiefergelenksbehandlung CMD Krankengymnastik bei Erkrankungen des ZNS PNF Krankengymnastik am Ger\u00e4t Massage W\u00e4rmeanwendung \/ Fango K\u00e4ltetherapie Triggerpunktbehandlung Sportphysiotherapie Sport- und Kinesiotape Hausbesuch R\u00fcckenschule Dorn- Breuss Entspannungstechniken energetische Druckpunktbehandlung am Fu\u00df<\/p>\n","protected":false},"author":1,"featured_media":0,"parent":0,"menu_order":0,"comment_status":"closed","ping_status":"closed","template":"","meta":{"footnotes":""},"class_list":["post-74","page","type-page","status-publish","hentry","entry"],"yoast_head":"<!-- This site is optimized with the Yoast SEO plugin v27.3 - https:\/\/yoast.com\/product\/yoast-seo-wordpress\/ -->\n<title>Leistungen - Das Gesundheitshaus Essen - Armin S\u00fc\u00dfer<\/title>\n<meta name=\"description\" content=\"Wir halten uns auf dem Laufenden und bilden uns kontinuierlich weiter, um Sie mit bestm\u00f6glich auf dem Weg der Gesundwerdung zu begleiten.\" \/>\n<meta name=\"robots\" content=\"index, follow, max-snippet:-1, max-image-preview:large, max-video-preview:-1\" \/>\n<link rel=\"canonical\" href=\"https:\/\/www.gesundheitshaus-essen.de\/?page_id=74\" \/>\n<meta property=\"og:locale\" content=\"de_DE\" \/>\n<meta property=\"og:type\" content=\"article\" \/>\n<meta property=\"og:title\" content=\"Leistungen - Das Gesundheitshaus Essen - Armin S\u00fc\u00dfer\" \/>\n<meta property=\"og:description\" content=\"Wir halten uns auf dem Laufenden und bilden uns kontinuierlich weiter, um Sie mit bestm\u00f6glich auf dem Weg der Gesundwerdung zu begleiten.\" \/>\n<meta property=\"og:url\" content=\"https:\/\/www.gesundheitshaus-essen.de\/?page_id=74\" \/>\n<meta property=\"og:site_name\" content=\"Das Gesundheitshaus Essen - Armin S\u00fc\u00dfer\" \/>\n<meta property=\"article:publisher\" content=\"https:\/\/www.facebook.com\/profile.php?id=100063762361348\" \/>\n<meta property=\"article:modified_time\" content=\"2025-10-27T22:41:44+00:00\" \/>\n<meta name=\"twitter:card\" content=\"summary_large_image\" \/>\n<meta name=\"twitter:label1\" content=\"Gesch\u00e4tzte Lesezeit\" \/>\n\t<meta name=\"twitter:data1\" content=\"1\u00a0Minute\" \/>\n<script type=\"application\/ld+json\" class=\"yoast-schema-graph\">{\"@context\":\"https:\\\/\\\/schema.org\",\"@graph\":[{\"@type\":\"WebPage\",\"@id\":\"https:\\\/\\\/www.gesundheitshaus-essen.de\\\/?page_id=74\",\"url\":\"https:\\\/\\\/www.gesundheitshaus-essen.de\\\/?page_id=74\",\"name\":\"Leistungen - Das Gesundheitshaus Essen - Armin S\u00fc\u00dfer\",\"isPartOf\":{\"@id\":\"https:\\\/\\\/www.gesundheitshaus-essen.de\\\/#website\"},\"datePublished\":\"2025-10-11T06:15:36+00:00\",\"dateModified\":\"2025-10-27T22:41:44+00:00\",\"description\":\"Wir halten uns auf dem Laufenden und bilden uns kontinuierlich weiter, um Sie mit bestm\u00f6glich auf dem Weg der Gesundwerdung zu begleiten.\",\"breadcrumb\":{\"@id\":\"https:\\\/\\\/www.gesundheitshaus-essen.de\\\/?page_id=74#breadcrumb\"},\"inLanguage\":\"de\",\"potentialAction\":[{\"@type\":\"ReadAction\",\"target\":[\"https:\\\/\\\/www.gesundheitshaus-essen.de\\\/?page_id=74\"]}]},{\"@type\":\"BreadcrumbList\",\"@id\":\"https:\\\/\\\/www.gesundheitshaus-essen.de\\\/?page_id=74#breadcrumb\",\"itemListElement\":[{\"@type\":\"ListItem\",\"position\":1,\"name\":\"Startseite\",\"item\":\"https:\\\/\\\/www.gesundheitshaus-essen.de\\\/\"},{\"@type\":\"ListItem\",\"position\":2,\"name\":\"Leistungen\"}]},{\"@type\":\"WebSite\",\"@id\":\"https:\\\/\\\/www.gesundheitshaus-essen.de\\\/#website\",\"url\":\"https:\\\/\\\/www.gesundheitshaus-essen.de\\\/\",\"name\":\"Das Gesundheitshaus Essen - Armin S\u00fc\u00dfer\",\"description\":\"Praxis f\u00fcr Manuelle Therapie, Krankengymnastik, Massage\",\"publisher\":{\"@id\":\"https:\\\/\\\/www.gesundheitshaus-essen.de\\\/#organization\"},\"potentialAction\":[{\"@type\":\"SearchAction\",\"target\":{\"@type\":\"EntryPoint\",\"urlTemplate\":\"https:\\\/\\\/www.gesundheitshaus-essen.de\\\/?s={search_term_string}\"},\"query-input\":{\"@type\":\"PropertyValueSpecification\",\"valueRequired\":true,\"valueName\":\"search_term_string\"}}],\"inLanguage\":\"de\"},{\"@type\":\"Organization\",\"@id\":\"https:\\\/\\\/www.gesundheitshaus-essen.de\\\/#organization\",\"name\":\"Das Gesundheitshaus Essen - Armin S\u00fc\u00dfer\",\"url\":\"https:\\\/\\\/www.gesundheitshaus-essen.de\\\/\",\"logo\":{\"@type\":\"ImageObject\",\"inLanguage\":\"de\",\"@id\":\"https:\\\/\\\/www.gesundheitshaus-essen.de\\\/#\\\/schema\\\/logo\\\/image\\\/\",\"url\":\"https:\\\/\\\/www.gesundheitshaus-essen.de\\\/wp-content\\\/uploads\\\/2025\\\/10\\\/Stempel-Logo-.jpg\",\"contentUrl\":\"https:\\\/\\\/www.gesundheitshaus-essen.de\\\/wp-content\\\/uploads\\\/2025\\\/10\\\/Stempel-Logo-.jpg\",\"width\":385,\"height\":73,\"caption\":\"Das Gesundheitshaus Essen - Armin S\u00fc\u00dfer\"},\"image\":{\"@id\":\"https:\\\/\\\/www.gesundheitshaus-essen.de\\\/#\\\/schema\\\/logo\\\/image\\\/\"},\"sameAs\":[\"https:\\\/\\\/www.facebook.com\\\/profile.php?id=100063762361348\",\"https:\\\/\\\/www.instagram.com\\\/das_gesundheitshaus_essen\"]}]}<\/script>\n<!-- \/ Yoast SEO plugin. -->","yoast_head_json":{"title":"Leistungen - Das Gesundheitshaus Essen - Armin S\u00fc\u00dfer","description":"Wir halten uns auf dem Laufenden und bilden uns kontinuierlich weiter, um Sie mit bestm\u00f6glich auf dem Weg der Gesundwerdung zu begleiten.","robots":{"index":"index","follow":"follow","max-snippet":"max-snippet:-1","max-image-preview":"max-image-preview:large","max-video-preview":"max-video-preview:-1"},"canonical":"https:\/\/www.gesundheitshaus-essen.de\/?page_id=74","og_locale":"de_DE","og_type":"article","og_title":"Leistungen - Das Gesundheitshaus Essen - Armin S\u00fc\u00dfer","og_description":"Wir halten uns auf dem Laufenden und bilden uns kontinuierlich weiter, um Sie mit bestm\u00f6glich auf dem Weg der Gesundwerdung zu begleiten.","og_url":"https:\/\/www.gesundheitshaus-essen.de\/?page_id=74","og_site_name":"Das Gesundheitshaus Essen - Armin S\u00fc\u00dfer","article_publisher":"https:\/\/www.facebook.com\/profile.php?id=100063762361348","article_modified_time":"2025-10-27T22:41:44+00:00","twitter_card":"summary_large_image","twitter_misc":{"Gesch\u00e4tzte Lesezeit":"1\u00a0Minute"},"schema":{"@context":"https:\/\/schema.org","@graph":[{"@type":"WebPage","@id":"https:\/\/www.gesundheitshaus-essen.de\/?page_id=74","url":"https:\/\/www.gesundheitshaus-essen.de\/?page_id=74","name":"Leistungen - Das Gesundheitshaus Essen - Armin S\u00fc\u00dfer","isPartOf":{"@id":"https:\/\/www.gesundheitshaus-essen.de\/#website"},"datePublished":"2025-10-11T06:15:36+00:00","dateModified":"2025-10-27T22:41:44+00:00","description":"Wir halten uns auf dem Laufenden und bilden uns kontinuierlich weiter, um Sie mit bestm\u00f6glich auf dem Weg der Gesundwerdung zu begleiten.","breadcrumb":{"@id":"https:\/\/www.gesundheitshaus-essen.de\/?page_id=74#breadcrumb"},"inLanguage":"de","potentialAction":[{"@type":"ReadAction","target":["https:\/\/www.gesundheitshaus-essen.de\/?page_id=74"]}]},{"@type":"BreadcrumbList","@id":"https:\/\/www.gesundheitshaus-essen.de\/?page_id=74#breadcrumb","itemListElement":[{"@type":"ListItem","position":1,"name":"Startseite","item":"https:\/\/www.gesundheitshaus-essen.de\/"},{"@type":"ListItem","position":2,"name":"Leistungen"}]},{"@type":"WebSite","@id":"https:\/\/www.gesundheitshaus-essen.de\/#website","url":"https:\/\/www.gesundheitshaus-essen.de\/","name":"Das Gesundheitshaus Essen - Armin S\u00fc\u00dfer","description":"Praxis f\u00fcr Manuelle Therapie, Krankengymnastik, Massage","publisher":{"@id":"https:\/\/www.gesundheitshaus-essen.de\/#organization"},"potentialAction":[{"@type":"SearchAction","target":{"@type":"EntryPoint","urlTemplate":"https:\/\/www.gesundheitshaus-essen.de\/?s={search_term_string}"},"query-input":{"@type":"PropertyValueSpecification","valueRequired":true,"valueName":"search_term_string"}}],"inLanguage":"de"},{"@type":"Organization","@id":"https:\/\/www.gesundheitshaus-essen.de\/#organization","name":"Das Gesundheitshaus Essen - Armin S\u00fc\u00dfer","url":"https:\/\/www.gesundheitshaus-essen.de\/","logo":{"@type":"ImageObject","inLanguage":"de","@id":"https:\/\/www.gesundheitshaus-essen.de\/#\/schema\/logo\/image\/","url":"https:\/\/www.gesundheitshaus-essen.de\/wp-content\/uploads\/2025\/10\/Stempel-Logo-.jpg","contentUrl":"https:\/\/www.gesundheitshaus-essen.de\/wp-content\/uploads\/2025\/10\/Stempel-Logo-.jpg","width":385,"height":73,"caption":"Das Gesundheitshaus Essen - Armin S\u00fc\u00dfer"},"image":{"@id":"https:\/\/www.gesundheitshaus-essen.de\/#\/schema\/logo\/image\/"},"sameAs":["https:\/\/www.facebook.com\/profile.php?id=100063762361348","https:\/\/www.instagram.com\/das_gesundheitshaus_essen"]}]}},"_links":{"self":[{"href":"https:\/\/www.gesundheitshaus-essen.de\/index.php?rest_route=\/wp\/v2\/pages\/74","targetHints":{"allow":["GET"]}}],"collection":[{"href":"https:\/\/www.gesundheitshaus-essen.de\/index.php?rest_route=\/wp\/v2\/pages"}],"about":[{"href":"https:\/\/www.gesundheitshaus-essen.de\/index.php?rest_route=\/wp\/v2\/types\/page"}],"author":[{"embeddable":true,"href":"https:\/\/www.gesundheitshaus-essen.de\/index.php?rest_route=\/wp\/v2\/users\/1"}],"replies":[{"embeddable":true,"href":"https:\/\/www.gesundheitshaus-essen.de\/index.php?rest_route=%2Fwp%2Fv2%2Fcomments&post=74"}],"version-history":[{"count":42,"href":"https:\/\/www.gesundheitshaus-essen.de\/index.php?rest_route=\/wp\/v2\/pages\/74\/revisions"}],"predecessor-version":[{"id":310,"href":"https:\/\/www.gesundheitshaus-essen.de\/index.php?rest_route=\/wp\/v2\/pages\/74\/revisions\/310"}],"wp:attachment":[{"href":"https:\/\/www.gesundheitshaus-essen.de\/index.php?rest_route=%2Fwp%2Fv2%2Fmedia&parent=74"}],"curies":[{"name":"wp","href":"https:\/\/api.w.org\/{rel}","templated":true}]}}