{"id":39,"date":"2025-10-08T21:03:02","date_gmt":"2025-10-08T19:03:02","guid":{"rendered":"http:\/\/localhost\/wordpress\/?page_id=39"},"modified":"2025-10-27T23:43:34","modified_gmt":"2025-10-27T22:43:34","slug":"wissenswertes","status":"publish","type":"page","link":"https:\/\/www.gesundheitshaus-essen.de\/?page_id=39","title":{"rendered":"Wissenswertes"},"content":{"rendered":"\t\t<div data-elementor-type=\"wp-page\" data-elementor-id=\"39\" class=\"elementor elementor-39\">\n\t\t\t\t<div class=\"elementor-element elementor-element-169d4ec1 e-flex e-con-boxed wpr-particle-no wpr-jarallax-no wpr-parallax-no wpr-sticky-section-no wpr-equal-height-no e-con e-parent\" data-id=\"169d4ec1\" data-element_type=\"container\" data-e-type=\"container\">\n\t\t\t\t\t<div class=\"e-con-inner\">\n\t\t\t\t<div class=\"elementor-element elementor-element-66004055 elementor-widget elementor-widget-text-editor\" data-id=\"66004055\" data-element_type=\"widget\" data-e-type=\"widget\" data-widget_type=\"text-editor.default\">\n\t\t\t\t\t\t\t\t\t\n<p>Noch im Umbau<\/p>\n\t\t\t\t\t\t\t\t<\/div>\n\t\t\t\t\t<\/div>\n\t\t\t\t<\/div>\n\t\t\t\t<\/div>\n\t\t","protected":false},"excerpt":{"rendered":"<p>Noch im Umbau<\/p>\n","protected":false},"author":1,"featured_media":0,"parent":0,"menu_order":0,"comment_status":"closed","ping_status":"closed","template":"","meta":{"footnotes":""},"class_list":["post-39","page","type-page","status-publish","hentry","entry"],"yoast_head":"<!-- This site is optimized with the Yoast SEO plugin v27.3 - https:\/\/yoast.com\/product\/yoast-seo-wordpress\/ -->\n<title>Wissenswertes - Das Gesundheitshaus Essen - Armin S\u00fc\u00dfer<\/title>\n<meta name=\"robots\" content=\"index, follow, max-snippet:-1, max-image-preview:large, max-video-preview:-1\" \/>\n<link rel=\"canonical\" href=\"https:\/\/www.gesundheitshaus-essen.de\/?page_id=39\" \/>\n<meta property=\"og:locale\" content=\"de_DE\" \/>\n<meta property=\"og:type\" content=\"article\" \/>\n<meta property=\"og:title\" content=\"Wissenswertes - Das Gesundheitshaus Essen - Armin S\u00fc\u00dfer\" \/>\n<meta property=\"og:description\" content=\"Noch im Umbau\" \/>\n<meta property=\"og:url\" content=\"https:\/\/www.gesundheitshaus-essen.de\/?page_id=39\" \/>\n<meta property=\"og:site_name\" content=\"Das Gesundheitshaus Essen - Armin S\u00fc\u00dfer\" \/>\n<meta property=\"article:publisher\" content=\"https:\/\/www.facebook.com\/profile.php?id=100063762361348\" \/>\n<meta property=\"article:modified_time\" content=\"2025-10-27T22:43:34+00:00\" \/>\n<meta name=\"twitter:card\" content=\"summary_large_image\" \/>\n<meta name=\"twitter:label1\" content=\"Gesch\u00e4tzte Lesezeit\" \/>\n\t<meta name=\"twitter:data1\" content=\"1\u00a0Minute\" \/>\n<script type=\"application\/ld+json\" class=\"yoast-schema-graph\">{\"@context\":\"https:\\\/\\\/schema.org\",\"@graph\":[{\"@type\":\"WebPage\",\"@id\":\"https:\\\/\\\/www.gesundheitshaus-essen.de\\\/?page_id=39\",\"url\":\"https:\\\/\\\/www.gesundheitshaus-essen.de\\\/?page_id=39\",\"name\":\"Wissenswertes - Das Gesundheitshaus Essen - Armin S\u00fc\u00dfer\",\"isPartOf\":{\"@id\":\"https:\\\/\\\/www.gesundheitshaus-essen.de\\\/#website\"},\"datePublished\":\"2025-10-08T19:03:02+00:00\",\"dateModified\":\"2025-10-27T22:43:34+00:00\",\"breadcrumb\":{\"@id\":\"https:\\\/\\\/www.gesundheitshaus-essen.de\\\/?page_id=39#breadcrumb\"},\"inLanguage\":\"de\",\"potentialAction\":[{\"@type\":\"ReadAction\",\"target\":[\"https:\\\/\\\/www.gesundheitshaus-essen.de\\\/?page_id=39\"]}]},{\"@type\":\"BreadcrumbList\",\"@id\":\"https:\\\/\\\/www.gesundheitshaus-essen.de\\\/?page_id=39#breadcrumb\",\"itemListElement\":[{\"@type\":\"ListItem\",\"position\":1,\"name\":\"Startseite\",\"item\":\"https:\\\/\\\/www.gesundheitshaus-essen.de\\\/\"},{\"@type\":\"ListItem\",\"position\":2,\"name\":\"Wissenswertes\"}]},{\"@type\":\"WebSite\",\"@id\":\"https:\\\/\\\/www.gesundheitshaus-essen.de\\\/#website\",\"url\":\"https:\\\/\\\/www.gesundheitshaus-essen.de\\\/\",\"name\":\"Das Gesundheitshaus Essen - Armin S\u00fc\u00dfer\",\"description\":\"Praxis f\u00fcr Manuelle Therapie, Krankengymnastik, Massage\",\"publisher\":{\"@id\":\"https:\\\/\\\/www.gesundheitshaus-essen.de\\\/#organization\"},\"potentialAction\":[{\"@type\":\"SearchAction\",\"target\":{\"@type\":\"EntryPoint\",\"urlTemplate\":\"https:\\\/\\\/www.gesundheitshaus-essen.de\\\/?s={search_term_string}\"},\"query-input\":{\"@type\":\"PropertyValueSpecification\",\"valueRequired\":true,\"valueName\":\"search_term_string\"}}],\"inLanguage\":\"de\"},{\"@type\":\"Organization\",\"@id\":\"https:\\\/\\\/www.gesundheitshaus-essen.de\\\/#organization\",\"name\":\"Das Gesundheitshaus Essen - Armin S\u00fc\u00dfer\",\"url\":\"https:\\\/\\\/www.gesundheitshaus-essen.de\\\/\",\"logo\":{\"@type\":\"ImageObject\",\"inLanguage\":\"de\",\"@id\":\"https:\\\/\\\/www.gesundheitshaus-essen.de\\\/#\\\/schema\\\/logo\\\/image\\\/\",\"url\":\"https:\\\/\\\/www.gesundheitshaus-essen.de\\\/wp-content\\\/uploads\\\/2025\\\/10\\\/Stempel-Logo-.jpg\",\"contentUrl\":\"https:\\\/\\\/www.gesundheitshaus-essen.de\\\/wp-content\\\/uploads\\\/2025\\\/10\\\/Stempel-Logo-.jpg\",\"width\":385,\"height\":73,\"caption\":\"Das Gesundheitshaus Essen - Armin S\u00fc\u00dfer\"},\"image\":{\"@id\":\"https:\\\/\\\/www.gesundheitshaus-essen.de\\\/#\\\/schema\\\/logo\\\/image\\\/\"},\"sameAs\":[\"https:\\\/\\\/www.facebook.com\\\/profile.php?id=100063762361348\",\"https:\\\/\\\/www.instagram.com\\\/das_gesundheitshaus_essen\"]}]}<\/script>\n<!-- \/ Yoast SEO plugin. -->","yoast_head_json":{"title":"Wissenswertes - Das Gesundheitshaus Essen - Armin S\u00fc\u00dfer","robots":{"index":"index","follow":"follow","max-snippet":"max-snippet:-1","max-image-preview":"max-image-preview:large","max-video-preview":"max-video-preview:-1"},"canonical":"https:\/\/www.gesundheitshaus-essen.de\/?page_id=39","og_locale":"de_DE","og_type":"article","og_title":"Wissenswertes - Das Gesundheitshaus Essen - Armin S\u00fc\u00dfer","og_description":"Noch im Umbau","og_url":"https:\/\/www.gesundheitshaus-essen.de\/?page_id=39","og_site_name":"Das Gesundheitshaus Essen - Armin S\u00fc\u00dfer","article_publisher":"https:\/\/www.facebook.com\/profile.php?id=100063762361348","article_modified_time":"2025-10-27T22:43:34+00:00","twitter_card":"summary_large_image","twitter_misc":{"Gesch\u00e4tzte Lesezeit":"1\u00a0Minute"},"schema":{"@context":"https:\/\/schema.org","@graph":[{"@type":"WebPage","@id":"https:\/\/www.gesundheitshaus-essen.de\/?page_id=39","url":"https:\/\/www.gesundheitshaus-essen.de\/?page_id=39","name":"Wissenswertes - Das Gesundheitshaus Essen - Armin S\u00fc\u00dfer","isPartOf":{"@id":"https:\/\/www.gesundheitshaus-essen.de\/#website"},"datePublished":"2025-10-08T19:03:02+00:00","dateModified":"2025-10-27T22:43:34+00:00","breadcrumb":{"@id":"https:\/\/www.gesundheitshaus-essen.de\/?page_id=39#breadcrumb"},"inLanguage":"de","potentialAction":[{"@type":"ReadAction","target":["https:\/\/www.gesundheitshaus-essen.de\/?page_id=39"]}]},{"@type":"BreadcrumbList","@id":"https:\/\/www.gesundheitshaus-essen.de\/?page_id=39#breadcrumb","itemListElement":[{"@type":"ListItem","position":1,"name":"Startseite","item":"https:\/\/www.gesundheitshaus-essen.de\/"},{"@type":"ListItem","position":2,"name":"Wissenswertes"}]},{"@type":"WebSite","@id":"https:\/\/www.gesundheitshaus-essen.de\/#website","url":"https:\/\/www.gesundheitshaus-essen.de\/","name":"Das Gesundheitshaus Essen - Armin S\u00fc\u00dfer","description":"Praxis f\u00fcr Manuelle Therapie, Krankengymnastik, Massage","publisher":{"@id":"https:\/\/www.gesundheitshaus-essen.de\/#organization"},"potentialAction":[{"@type":"SearchAction","target":{"@type":"EntryPoint","urlTemplate":"https:\/\/www.gesundheitshaus-essen.de\/?s={search_term_string}"},"query-input":{"@type":"PropertyValueSpecification","valueRequired":true,"valueName":"search_term_string"}}],"inLanguage":"de"},{"@type":"Organization","@id":"https:\/\/www.gesundheitshaus-essen.de\/#organization","name":"Das Gesundheitshaus Essen - Armin S\u00fc\u00dfer","url":"https:\/\/www.gesundheitshaus-essen.de\/","logo":{"@type":"ImageObject","inLanguage":"de","@id":"https:\/\/www.gesundheitshaus-essen.de\/#\/schema\/logo\/image\/","url":"https:\/\/www.gesundheitshaus-essen.de\/wp-content\/uploads\/2025\/10\/Stempel-Logo-.jpg","contentUrl":"https:\/\/www.gesundheitshaus-essen.de\/wp-content\/uploads\/2025\/10\/Stempel-Logo-.jpg","width":385,"height":73,"caption":"Das Gesundheitshaus Essen - Armin S\u00fc\u00dfer"},"image":{"@id":"https:\/\/www.gesundheitshaus-essen.de\/#\/schema\/logo\/image\/"},"sameAs":["https:\/\/www.facebook.com\/profile.php?id=100063762361348","https:\/\/www.instagram.com\/das_gesundheitshaus_essen"]}]}},"_links":{"self":[{"href":"https:\/\/www.gesundheitshaus-essen.de\/index.php?rest_route=\/wp\/v2\/pages\/39","targetHints":{"allow":["GET"]}}],"collection":[{"href":"https:\/\/www.gesundheitshaus-essen.de\/index.php?rest_route=\/wp\/v2\/pages"}],"about":[{"href":"https:\/\/www.gesundheitshaus-essen.de\/index.php?rest_route=\/wp\/v2\/types\/page"}],"author":[{"embeddable":true,"href":"https:\/\/www.gesundheitshaus-essen.de\/index.php?rest_route=\/wp\/v2\/users\/1"}],"replies":[{"embeddable":true,"href":"https:\/\/www.gesundheitshaus-essen.de\/index.php?rest_route=%2Fwp%2Fv2%2Fcomments&post=39"}],"version-history":[{"count":9,"href":"https:\/\/www.gesundheitshaus-essen.de\/index.php?rest_route=\/wp\/v2\/pages\/39\/revisions"}],"predecessor-version":[{"id":316,"href":"https:\/\/www.gesundheitshaus-essen.de\/index.php?rest_route=\/wp\/v2\/pages\/39\/revisions\/316"}],"wp:attachment":[{"href":"https:\/\/www.gesundheitshaus-essen.de\/index.php?rest_route=%2Fwp%2Fv2%2Fmedia&parent=39"}],"curies":[{"name":"wp","href":"https:\/\/api.w.org\/{rel}","templated":true}]}}